{"id":13,"date":"2019-10-11T10:03:11","date_gmt":"2019-10-11T10:03:11","guid":{"rendered":"http:\/\/katiskarten.de\/?page_id=13"},"modified":"2021-10-31T14:24:16","modified_gmt":"2021-10-31T14:24:16","slug":"ueber-mich","status":"publish","type":"page","link":"https:\/\/katiskarten.de\/?page_id=13","title":{"rendered":"\u00dcber Mich"},"content":{"rendered":"\n<div class=\"wp-block-columns is-layout-flex wp-container-core-columns-is-layout-9d6595d7 wp-block-columns-is-layout-flex\">\n<div class=\"wp-block-column is-layout-flow wp-block-column-is-layout-flow\" style=\"flex-basis:100%\">\n<div class=\"wp-block-columns is-layout-flex wp-container-core-columns-is-layout-9d6595d7 wp-block-columns-is-layout-flex\">\n<div class=\"wp-block-column is-layout-flow wp-block-column-is-layout-flow\" style=\"flex-basis:50%\">\n<figure class=\"wp-block-image is-resized is-style-default\"><img loading=\"lazy\" decoding=\"async\" src=\"http:\/\/katiskarten.de\/wp-content\/uploads\/2019\/10\/Katja-Chris-39-e1572124370910-1024x1024.jpg\" alt=\"\" width=\"368\" height=\"368\"\/><figcaption>Ich an einem tollen Tag \u2665 Photo: Kristof Topolewski, Junge Liebe Weddings, Bielefeld<\/figcaption><\/figure>\n<\/div>\n\n\n\n<div class=\"wp-block-column is-layout-flow wp-block-column-is-layout-flow\" style=\"flex-basis:50%\">\n<div class=\"wp-block-columns is-layout-flex wp-container-core-columns-is-layout-9d6595d7 wp-block-columns-is-layout-flex\">\n<div class=\"wp-block-column is-layout-flow wp-block-column-is-layout-flow\" style=\"flex-basis:100%\">\n<p>Hola!<br>Ich bin Kati, 34 Jahre jung und komme aus dem sch\u00f6nen Oldenburg in Oldenburg.&nbsp;<br>Geb\u00fcrtig komme ich aus Rheinland-Pfalz, bin aber nun schon seit \u00fcber 10 Jahren Wahl-Oldenburgerin.<\/p>\n<\/div>\n<\/div>\n\n\n\n<div class=\"wp-block-columns is-layout-flex wp-container-core-columns-is-layout-9d6595d7 wp-block-columns-is-layout-flex\">\n<div class=\"wp-block-column is-layout-flow wp-block-column-is-layout-flow\" style=\"flex-basis:100%\">\n<p>Ich mache in meiner Freizeit gerne diverse, kreative Dinge. Unter anderem Fotografieren und Singen. Und wie man hier sieht liebe ich Papierbastel-Arbeiten und werkele meine eigenen Gru\u00dfkarten.<br>Ich habe damit schon vor einigen Jahren angefangen, damals hin und wieder mal ein paar. Dann habe ich 2018 wirklich Spa\u00df daran gefunden und seit dem werden es immer mehr Karten und nat\u00fcrlich immer mehr Bastelmaterial.&nbsp;<br>Ich habe mal irgendwo gelesen: Karten basteln und Bastelmaterial kaufen sind 2 verschiedene Hobbies. Ich liebe beide Hobbies. \ud83d\ude09&nbsp;<\/p>\n<\/div>\n<\/div>\n<\/div>\n<\/div>\n<\/div>\n<\/div>\n\n\n\n<p>Lange habe ich \u00fcberlegt ob ich eine Webseite machen und meine Arbeiten im Internet pr\u00e4sentieren soll. Wenn ich suche finde ich immer irgendwo tollere Karten von Leuten die das wesentlich besser k\u00f6nnen. Aber ich bin doch auf jede Karte irgendwie stolz, und habe auch jede fotografiert, und mittlerweile sind es so viele Fotos, dass ich sie hier (und auf FB und Instagram) nach und nach zeigen m\u00f6chte.&nbsp;<\/p>\n\n\n\n<p>Ich werde bei Gelegenheit auch noch ein wenig mehr \u00fcber mich schreiben, und mit welchen Materialien ich so arbeite.<\/p>\n","protected":false},"excerpt":{"rendered":"<p>Hola!Ich bin Kati, 34 Jahre jung und komme aus dem sch\u00f6nen Oldenburg in Oldenburg.&nbsp;Geb\u00fcrtig komme ich aus Rheinland-Pfalz, bin aber nun schon seit \u00fcber 10 Jahren Wahl-Oldenburgerin. Ich mache in meiner Freizeit gerne diverse, kreative Dinge. Unter anderem Fotografieren und <a href=\"https:\/\/katiskarten.de\/?page_id=13\"> Read more&#8230;<\/a><\/p>\n","protected":false},"author":1,"featured_media":0,"parent":0,"menu_order":0,"comment_status":"closed","ping_status":"closed","template":"","meta":{"footnotes":""},"class_list":["post-13","page","type-page","status-publish","hentry"],"_links":{"self":[{"href":"https:\/\/katiskarten.de\/index.php?rest_route=\/wp\/v2\/pages\/13","targetHints":{"allow":["GET"]}}],"collection":[{"href":"https:\/\/katiskarten.de\/index.php?rest_route=\/wp\/v2\/pages"}],"about":[{"href":"https:\/\/katiskarten.de\/index.php?rest_route=\/wp\/v2\/types\/page"}],"author":[{"embeddable":true,"href":"https:\/\/katiskarten.de\/index.php?rest_route=\/wp\/v2\/users\/1"}],"replies":[{"embeddable":true,"href":"https:\/\/katiskarten.de\/index.php?rest_route=%2Fwp%2Fv2%2Fcomments&post=13"}],"version-history":[{"count":6,"href":"https:\/\/katiskarten.de\/index.php?rest_route=\/wp\/v2\/pages\/13\/revisions"}],"predecessor-version":[{"id":217,"href":"https:\/\/katiskarten.de\/index.php?rest_route=\/wp\/v2\/pages\/13\/revisions\/217"}],"wp:attachment":[{"href":"https:\/\/katiskarten.de\/index.php?rest_route=%2Fwp%2Fv2%2Fmedia&parent=13"}],"curies":[{"name":"wp","href":"https:\/\/api.w.org\/{rel}","templated":true}]}}